{"id":942,"date":"2021-11-20T11:55:51","date_gmt":"2021-11-20T10:55:51","guid":{"rendered":"https:\/\/xn--pdagogikogbehandling-i0b.dk\/?page_id=942"},"modified":"2021-12-31T12:51:51","modified_gmt":"2021-12-31T11:51:51","slug":"ydelser","status":"publish","type":"page","link":"https:\/\/xn--pdagogikogbehandling-i0b.dk\/index.php\/ydelser\/","title":{"rendered":"Ydelser"},"content":{"rendered":"<div class=\"elementor-element elementor-element-7b19a0b elementor-widget elementor-widget-text-editor\" data-id=\"7b19a0b\" data-element_type=\"widget\" data-widget_type=\"text-editor.default\">\n<div class=\"elementor-widget-container\">\n<div class=\"elementor-text-editor elementor-clearfix\">\n<p>Styrken i P\u00e6dagogik &amp; Behandling er tv\u00e6rfagligheden, hvor flere faggrupper som psykolog, skolel\u00e6rer, sygeplejerske, socialp\u00e6dagoger og terapeuter tilsammen udg\u00f8r en helhedsl\u00f8sning som kan justeres efter behov. Tilbuddene kan ses som selvst\u00e6ndige tilbud eller de kan kombineres med indsats fra mine samarbejdspartnere.<\/p>\n<p><strong>Alle tilbud har mulighed for d\u00f8gnd\u00e6kning, samt udarbejdes der statusrapport efter behov.<\/strong><\/p>\n<\/div>\n<\/div>\n<\/div>\n","protected":false},"excerpt":{"rendered":"<p>Styrken i P\u00e6dagogik &amp; Behandling er tv\u00e6rfagligheden, hvor flere faggrupper som psykolog, skolel\u00e6rer, sygeplejerske, socialp\u00e6dagoger og terapeuter tilsammen udg\u00f8r en helhedsl\u00f8sning som kan justeres efter behov. Tilbuddene kan ses som selvst\u00e6ndige tilbud eller de kan kombineres med indsats fra mine samarbejdspartnere. Alle tilbud har mulighed for d\u00f8gnd\u00e6kning, samt udarbejdes der statusrapport efter behov.<\/p>\n","protected":false},"author":1,"featured_media":0,"parent":0,"menu_order":0,"comment_status":"closed","ping_status":"closed","template":"","meta":{"footnotes":""},"_links":{"self":[{"href":"https:\/\/xn--pdagogikogbehandling-i0b.dk\/index.php\/wp-json\/wp\/v2\/pages\/942"}],"collection":[{"href":"https:\/\/xn--pdagogikogbehandling-i0b.dk\/index.php\/wp-json\/wp\/v2\/pages"}],"about":[{"href":"https:\/\/xn--pdagogikogbehandling-i0b.dk\/index.php\/wp-json\/wp\/v2\/types\/page"}],"author":[{"embeddable":true,"href":"https:\/\/xn--pdagogikogbehandling-i0b.dk\/index.php\/wp-json\/wp\/v2\/users\/1"}],"replies":[{"embeddable":true,"href":"https:\/\/xn--pdagogikogbehandling-i0b.dk\/index.php\/wp-json\/wp\/v2\/comments?post=942"}],"version-history":[{"count":0,"href":"https:\/\/xn--pdagogikogbehandling-i0b.dk\/index.php\/wp-json\/wp\/v2\/pages\/942\/revisions"}],"wp:attachment":[{"href":"https:\/\/xn--pdagogikogbehandling-i0b.dk\/index.php\/wp-json\/wp\/v2\/media?parent=942"}],"curies":[{"name":"wp","href":"https:\/\/api.w.org\/{rel}","templated":true}]}}