{"id":857,"date":"2021-11-20T11:04:47","date_gmt":"2021-11-20T10:04:47","guid":{"rendered":"https:\/\/xn--pdagogikogbehandling-i0b.dk\/?page_id=857"},"modified":"2021-12-31T12:19:36","modified_gmt":"2021-12-31T11:19:36","slug":"anbringelse-paa-eget-vaerelse-med-eller-uden-doegndaekning","status":"publish","type":"page","link":"https:\/\/xn--pdagogikogbehandling-i0b.dk\/index.php\/anbringelse-paa-eget-vaerelse-med-eller-uden-doegndaekning\/","title":{"rendered":"Anbringelse p\u00e5 eget v\u00e6relse med eller uden d\u00f8gnd\u00e6kning"},"content":{"rendered":"<p>Unge som hjemtages fra opholdssteder eller som et alternativt til anbringelse, hvor den unge kan blive i sit n\u00e6rmilj\u00f8 og med socialp\u00e6dagogisk indsats bliver selvst\u00e6ndiggjort i at bo selv og passe sin uddannelse\/arbejde samt afklaring omkring egen livssituation.<\/p>\n","protected":false},"excerpt":{"rendered":"<p>Unge som hjemtages fra opholdssteder eller som et alternativt til anbringelse, hvor den unge kan blive i sit n\u00e6rmilj\u00f8 og med socialp\u00e6dagogisk indsats bliver selvst\u00e6ndiggjort i at bo selv og passe sin uddannelse\/arbejde samt afklaring omkring egen livssituation.<\/p>\n","protected":false},"author":1,"featured_media":0,"parent":0,"menu_order":0,"comment_status":"closed","ping_status":"closed","template":"","meta":{"footnotes":""},"_links":{"self":[{"href":"https:\/\/xn--pdagogikogbehandling-i0b.dk\/index.php\/wp-json\/wp\/v2\/pages\/857"}],"collection":[{"href":"https:\/\/xn--pdagogikogbehandling-i0b.dk\/index.php\/wp-json\/wp\/v2\/pages"}],"about":[{"href":"https:\/\/xn--pdagogikogbehandling-i0b.dk\/index.php\/wp-json\/wp\/v2\/types\/page"}],"author":[{"embeddable":true,"href":"https:\/\/xn--pdagogikogbehandling-i0b.dk\/index.php\/wp-json\/wp\/v2\/users\/1"}],"replies":[{"embeddable":true,"href":"https:\/\/xn--pdagogikogbehandling-i0b.dk\/index.php\/wp-json\/wp\/v2\/comments?post=857"}],"version-history":[{"count":0,"href":"https:\/\/xn--pdagogikogbehandling-i0b.dk\/index.php\/wp-json\/wp\/v2\/pages\/857\/revisions"}],"wp:attachment":[{"href":"https:\/\/xn--pdagogikogbehandling-i0b.dk\/index.php\/wp-json\/wp\/v2\/media?parent=857"}],"curies":[{"name":"wp","href":"https:\/\/api.w.org\/{rel}","templated":true}]}}