{"id":852,"date":"2021-11-20T11:04:18","date_gmt":"2021-11-20T10:04:18","guid":{"rendered":"https:\/\/xn--pdagogikogbehandling-i0b.dk\/?page_id=852"},"modified":"2021-11-20T11:06:20","modified_gmt":"2021-11-20T10:06:20","slug":"eftervaerns-opgaver","status":"publish","type":"page","link":"https:\/\/xn--pdagogikogbehandling-i0b.dk\/index.php\/eftervaerns-opgaver\/","title":{"rendered":"Efterv\u00e6rns opgaver"},"content":{"rendered":"<p>Hvor den unge kan have brug for st\u00f8tte til overgangen til voksenlivet, hvor indsatsen ikke er s\u00e5 gennemgribende, men hvor den endelig stabilisering er for \u00f8je til et selvst\u00e6ndigt voksenliv uden professionelle fagpersoner. Her er fokus p\u00e5 eget netv\u00e6rk i form af egen familie og venner, som kan fungere som beskyttelsesfaktorer (resiliens)<\/p>\n","protected":false},"excerpt":{"rendered":"<p>Hvor den unge kan have brug for st\u00f8tte til overgangen til voksenlivet, hvor indsatsen ikke er s\u00e5 gennemgribende, men hvor den endelig stabilisering er for \u00f8je til et selvst\u00e6ndigt voksenliv uden professionelle fagpersoner. Her er fokus p\u00e5 eget netv\u00e6rk i form af egen familie og venner, som kan fungere som beskyttelsesfaktorer (resiliens)<\/p>\n","protected":false},"author":1,"featured_media":0,"parent":0,"menu_order":0,"comment_status":"closed","ping_status":"closed","template":"","meta":{"footnotes":""},"_links":{"self":[{"href":"https:\/\/xn--pdagogikogbehandling-i0b.dk\/index.php\/wp-json\/wp\/v2\/pages\/852"}],"collection":[{"href":"https:\/\/xn--pdagogikogbehandling-i0b.dk\/index.php\/wp-json\/wp\/v2\/pages"}],"about":[{"href":"https:\/\/xn--pdagogikogbehandling-i0b.dk\/index.php\/wp-json\/wp\/v2\/types\/page"}],"author":[{"embeddable":true,"href":"https:\/\/xn--pdagogikogbehandling-i0b.dk\/index.php\/wp-json\/wp\/v2\/users\/1"}],"replies":[{"embeddable":true,"href":"https:\/\/xn--pdagogikogbehandling-i0b.dk\/index.php\/wp-json\/wp\/v2\/comments?post=852"}],"version-history":[{"count":0,"href":"https:\/\/xn--pdagogikogbehandling-i0b.dk\/index.php\/wp-json\/wp\/v2\/pages\/852\/revisions"}],"wp:attachment":[{"href":"https:\/\/xn--pdagogikogbehandling-i0b.dk\/index.php\/wp-json\/wp\/v2\/media?parent=852"}],"curies":[{"name":"wp","href":"https:\/\/api.w.org\/{rel}","templated":true}]}}