{"id":840,"date":"2021-11-20T11:01:52","date_gmt":"2021-11-20T10:01:52","guid":{"rendered":"https:\/\/xn--pdagogikogbehandling-i0b.dk\/?page_id=840"},"modified":"2021-11-20T11:10:00","modified_gmt":"2021-11-20T10:10:00","slug":"mentor-opgaver","status":"publish","type":"page","link":"https:\/\/xn--pdagogikogbehandling-i0b.dk\/index.php\/mentor-opgaver\/","title":{"rendered":"Mentor opgaver"},"content":{"rendered":"<p>Hvor den unge kan have brug for hj\u00e6lp til at kommunikere med det offentlige, arbejdss\u00f8gning og hj\u00e6lp til at fastholde skole\/uddannelse og arbejde samt fritidsliv og socialisering.<\/p>\n","protected":false},"excerpt":{"rendered":"<p>Hvor den unge kan have brug for hj\u00e6lp til at kommunikere med det offentlige, arbejdss\u00f8gning og hj\u00e6lp til at fastholde skole\/uddannelse og arbejde samt fritidsliv og socialisering.<\/p>\n","protected":false},"author":1,"featured_media":0,"parent":0,"menu_order":0,"comment_status":"closed","ping_status":"closed","template":"","meta":{"footnotes":""},"_links":{"self":[{"href":"https:\/\/xn--pdagogikogbehandling-i0b.dk\/index.php\/wp-json\/wp\/v2\/pages\/840"}],"collection":[{"href":"https:\/\/xn--pdagogikogbehandling-i0b.dk\/index.php\/wp-json\/wp\/v2\/pages"}],"about":[{"href":"https:\/\/xn--pdagogikogbehandling-i0b.dk\/index.php\/wp-json\/wp\/v2\/types\/page"}],"author":[{"embeddable":true,"href":"https:\/\/xn--pdagogikogbehandling-i0b.dk\/index.php\/wp-json\/wp\/v2\/users\/1"}],"replies":[{"embeddable":true,"href":"https:\/\/xn--pdagogikogbehandling-i0b.dk\/index.php\/wp-json\/wp\/v2\/comments?post=840"}],"version-history":[{"count":0,"href":"https:\/\/xn--pdagogikogbehandling-i0b.dk\/index.php\/wp-json\/wp\/v2\/pages\/840\/revisions"}],"wp:attachment":[{"href":"https:\/\/xn--pdagogikogbehandling-i0b.dk\/index.php\/wp-json\/wp\/v2\/media?parent=840"}],"curies":[{"name":"wp","href":"https:\/\/api.w.org\/{rel}","templated":true}]}}