{"id":838,"date":"2021-11-20T11:01:28","date_gmt":"2021-11-20T10:01:28","guid":{"rendered":"https:\/\/xn--pdagogikogbehandling-i0b.dk\/?page_id=838"},"modified":"2021-12-31T12:34:02","modified_gmt":"2021-12-31T11:34:02","slug":"gruppeforloeb","status":"publish","type":"page","link":"https:\/\/xn--pdagogikogbehandling-i0b.dk\/index.php\/gruppeforloeb\/","title":{"rendered":"Gruppeforl\u00f8b"},"content":{"rendered":"<p>forskellige terapeutiske gruppe forl\u00f8b kan etableres, hvor det fagligt vurderes som udviklende for den enkelte. disse gruppeforl\u00f8b etableres i samarbejde med andre terapeuter, s\u00e5 den faglige professionalisme altid er for \u00f8je og tilstede.<\/p>\n<p>Et eks. kan v\u00e6re b\u00f8rn hvis for\u00e6ldre er blevet skilt. Vi tilbyder en kombination af at samle b\u00f8rn i en gruppe, hvor det enkelte barn m\u00f8der andre b\u00f8rn i samme situation, hvor barnet oplever ikke at v\u00e6re alene, og at h\u00f8re andre, som kender til den smerte\/ensomhed\/tab det kan v\u00e6re for barnet, n\u00e5r for\u00e6ldre v\u00e6lger at g\u00e5 hver til sit.\u00a0 sidel\u00f8bende til disse forl\u00f8b, er det gavnligt for det enkelte barn, at inddrage eks. mor og eller far, samt andre betydningsfulde voksne\/personer i barnets liv.<\/p>\n","protected":false},"excerpt":{"rendered":"<p>forskellige terapeutiske gruppe forl\u00f8b kan etableres, hvor det fagligt vurderes som udviklende for den enkelte. disse gruppeforl\u00f8b etableres i samarbejde med andre terapeuter, s\u00e5 den faglige professionalisme altid er for \u00f8je og tilstede. Et eks. kan v\u00e6re b\u00f8rn hvis for\u00e6ldre er blevet skilt. Vi tilbyder en kombination af at samle b\u00f8rn i en gruppe, hvor [&hellip;]<\/p>\n","protected":false},"author":1,"featured_media":0,"parent":0,"menu_order":0,"comment_status":"closed","ping_status":"closed","template":"","meta":{"footnotes":""},"_links":{"self":[{"href":"https:\/\/xn--pdagogikogbehandling-i0b.dk\/index.php\/wp-json\/wp\/v2\/pages\/838"}],"collection":[{"href":"https:\/\/xn--pdagogikogbehandling-i0b.dk\/index.php\/wp-json\/wp\/v2\/pages"}],"about":[{"href":"https:\/\/xn--pdagogikogbehandling-i0b.dk\/index.php\/wp-json\/wp\/v2\/types\/page"}],"author":[{"embeddable":true,"href":"https:\/\/xn--pdagogikogbehandling-i0b.dk\/index.php\/wp-json\/wp\/v2\/users\/1"}],"replies":[{"embeddable":true,"href":"https:\/\/xn--pdagogikogbehandling-i0b.dk\/index.php\/wp-json\/wp\/v2\/comments?post=838"}],"version-history":[{"count":0,"href":"https:\/\/xn--pdagogikogbehandling-i0b.dk\/index.php\/wp-json\/wp\/v2\/pages\/838\/revisions"}],"wp:attachment":[{"href":"https:\/\/xn--pdagogikogbehandling-i0b.dk\/index.php\/wp-json\/wp\/v2\/media?parent=838"}],"curies":[{"name":"wp","href":"https:\/\/api.w.org\/{rel}","templated":true}]}}