{"id":836,"date":"2021-11-20T11:00:54","date_gmt":"2021-11-20T10:00:54","guid":{"rendered":"https:\/\/xn--pdagogikogbehandling-i0b.dk\/?page_id=836"},"modified":"2021-11-20T12:17:02","modified_gmt":"2021-11-20T11:17:02","slug":"paragraf-54-opgaver","status":"publish","type":"page","link":"https:\/\/xn--pdagogikogbehandling-i0b.dk\/index.php\/paragraf-54-opgaver\/","title":{"rendered":"\u00a754 opgaver"},"content":{"rendered":"<p>St\u00f8tte til for\u00e6ldre med anbragte b\u00f8rn og unge, hvor der ydes samtaleforl\u00f8b individuelt eller i grupper, samt praktisk hj\u00e6lp eks. med kontakt til opholdsstedet og kommunen.<\/p>\n","protected":false},"excerpt":{"rendered":"<p>St\u00f8tte til for\u00e6ldre med anbragte b\u00f8rn og unge, hvor der ydes samtaleforl\u00f8b individuelt eller i grupper, samt praktisk hj\u00e6lp eks. med kontakt til opholdsstedet og kommunen.<\/p>\n","protected":false},"author":1,"featured_media":0,"parent":0,"menu_order":0,"comment_status":"closed","ping_status":"closed","template":"","meta":{"footnotes":""},"_links":{"self":[{"href":"https:\/\/xn--pdagogikogbehandling-i0b.dk\/index.php\/wp-json\/wp\/v2\/pages\/836"}],"collection":[{"href":"https:\/\/xn--pdagogikogbehandling-i0b.dk\/index.php\/wp-json\/wp\/v2\/pages"}],"about":[{"href":"https:\/\/xn--pdagogikogbehandling-i0b.dk\/index.php\/wp-json\/wp\/v2\/types\/page"}],"author":[{"embeddable":true,"href":"https:\/\/xn--pdagogikogbehandling-i0b.dk\/index.php\/wp-json\/wp\/v2\/users\/1"}],"replies":[{"embeddable":true,"href":"https:\/\/xn--pdagogikogbehandling-i0b.dk\/index.php\/wp-json\/wp\/v2\/comments?post=836"}],"version-history":[{"count":0,"href":"https:\/\/xn--pdagogikogbehandling-i0b.dk\/index.php\/wp-json\/wp\/v2\/pages\/836\/revisions"}],"wp:attachment":[{"href":"https:\/\/xn--pdagogikogbehandling-i0b.dk\/index.php\/wp-json\/wp\/v2\/media?parent=836"}],"curies":[{"name":"wp","href":"https:\/\/api.w.org\/{rel}","templated":true}]}}