{"id":758,"date":"2021-11-08T16:19:14","date_gmt":"2021-11-08T15:19:14","guid":{"rendered":"https:\/\/xn--pdagogikogbehandling-i0b.dk\/?page_id=758"},"modified":"2021-12-31T12:14:13","modified_gmt":"2021-12-31T11:14:13","slug":"individuel-par-familie-samtaler","status":"publish","type":"page","link":"https:\/\/xn--pdagogikogbehandling-i0b.dk\/index.php\/individuel-par-familie-samtaler\/","title":{"rendered":"Psykoterapi, Par og familie terapi"},"content":{"rendered":"<p>Terapien tager udgangspunkt i den oplevelsesorienteret tilgang, det er en terapiform, hvor der tages udgangspunkt i det som fylder\/udfordrer nu og her i den enkeltes liv, i parforholdet eller i familien.<\/p>\n<p>&#8220;K\u00e6rligheden er drivkraften&#8221;<\/p>\n<p>Jeg betragter k\u00e6rligheden eller l\u00e6ngslen efter K\u00e6rlighed, som den st\u00f8rste drivkraft i livet. Udfordringen best\u00e5r i ,om vi t\u00f8r lade den f\u00e5 plads i vores liv. som Psyko\/ par og familie terapeut, pr\u00f8ver jeg gennem samtalerne p\u00e5, at forst\u00e5 den enkeltes reaktioner, symptomer eller smerte, som et meningsfuldt udtryk for samv\u00e6ret, og det relationelle m\u00f8nster i par\/familie forholdet, og at inspirere til mulige forandringer.<\/p>\n<p>Jeg er uddannet p\u00e5 DFTI som nogle bedre kender som det gamle Kempler institut.<\/p>\n","protected":false},"excerpt":{"rendered":"<p>Terapien tager udgangspunkt i den oplevelsesorienteret tilgang, det er en terapiform, hvor der tages udgangspunkt i det som fylder\/udfordrer nu og her i den enkeltes liv, i parforholdet eller i familien. &#8220;K\u00e6rligheden er drivkraften&#8221; Jeg betragter k\u00e6rligheden eller l\u00e6ngslen efter K\u00e6rlighed, som den st\u00f8rste drivkraft i livet. Udfordringen best\u00e5r i ,om vi t\u00f8r lade den [&hellip;]<\/p>\n","protected":false},"author":1,"featured_media":0,"parent":0,"menu_order":0,"comment_status":"closed","ping_status":"closed","template":"","meta":{"footnotes":""},"_links":{"self":[{"href":"https:\/\/xn--pdagogikogbehandling-i0b.dk\/index.php\/wp-json\/wp\/v2\/pages\/758"}],"collection":[{"href":"https:\/\/xn--pdagogikogbehandling-i0b.dk\/index.php\/wp-json\/wp\/v2\/pages"}],"about":[{"href":"https:\/\/xn--pdagogikogbehandling-i0b.dk\/index.php\/wp-json\/wp\/v2\/types\/page"}],"author":[{"embeddable":true,"href":"https:\/\/xn--pdagogikogbehandling-i0b.dk\/index.php\/wp-json\/wp\/v2\/users\/1"}],"replies":[{"embeddable":true,"href":"https:\/\/xn--pdagogikogbehandling-i0b.dk\/index.php\/wp-json\/wp\/v2\/comments?post=758"}],"version-history":[{"count":0,"href":"https:\/\/xn--pdagogikogbehandling-i0b.dk\/index.php\/wp-json\/wp\/v2\/pages\/758\/revisions"}],"wp:attachment":[{"href":"https:\/\/xn--pdagogikogbehandling-i0b.dk\/index.php\/wp-json\/wp\/v2\/media?parent=758"}],"curies":[{"name":"wp","href":"https:\/\/api.w.org\/{rel}","templated":true}]}}