{"id":756,"date":"2021-11-08T16:17:56","date_gmt":"2021-11-08T15:17:56","guid":{"rendered":"https:\/\/xn--pdagogikogbehandling-i0b.dk\/?page_id=756"},"modified":"2021-12-31T12:16:51","modified_gmt":"2021-12-31T11:16:51","slug":"tidlig-forebyggelse-opsporing-og-indsats","status":"publish","type":"page","link":"https:\/\/xn--pdagogikogbehandling-i0b.dk\/index.php\/tidlig-forebyggelse-opsporing-og-indsats\/","title":{"rendered":"\u00a7 11 tidlig forebyggelse, opsporing og indsats"},"content":{"rendered":"<p>En forbyggende hurtig indsats, som har til form\u00e5l at afhj\u00e6lpe problemerne s\u00e5 tidligt som muligt.<\/p>\n<p>indsatsen kan igangs\u00e6ttes med det samme, efter henvendelse.<\/p>\n<p>kontakt mig for yderligere information.<\/p>\n","protected":false},"excerpt":{"rendered":"<p>En forbyggende hurtig indsats, som har til form\u00e5l at afhj\u00e6lpe problemerne s\u00e5 tidligt som muligt. indsatsen kan igangs\u00e6ttes med det samme, efter henvendelse. kontakt mig for yderligere information.<\/p>\n","protected":false},"author":1,"featured_media":0,"parent":0,"menu_order":0,"comment_status":"closed","ping_status":"closed","template":"","meta":{"footnotes":""},"_links":{"self":[{"href":"https:\/\/xn--pdagogikogbehandling-i0b.dk\/index.php\/wp-json\/wp\/v2\/pages\/756"}],"collection":[{"href":"https:\/\/xn--pdagogikogbehandling-i0b.dk\/index.php\/wp-json\/wp\/v2\/pages"}],"about":[{"href":"https:\/\/xn--pdagogikogbehandling-i0b.dk\/index.php\/wp-json\/wp\/v2\/types\/page"}],"author":[{"embeddable":true,"href":"https:\/\/xn--pdagogikogbehandling-i0b.dk\/index.php\/wp-json\/wp\/v2\/users\/1"}],"replies":[{"embeddable":true,"href":"https:\/\/xn--pdagogikogbehandling-i0b.dk\/index.php\/wp-json\/wp\/v2\/comments?post=756"}],"version-history":[{"count":0,"href":"https:\/\/xn--pdagogikogbehandling-i0b.dk\/index.php\/wp-json\/wp\/v2\/pages\/756\/revisions"}],"wp:attachment":[{"href":"https:\/\/xn--pdagogikogbehandling-i0b.dk\/index.php\/wp-json\/wp\/v2\/media?parent=756"}],"curies":[{"name":"wp","href":"https:\/\/api.w.org\/{rel}","templated":true}]}}